{"id":157,"date":"2023-10-05T11:22:27","date_gmt":"2023-10-05T11:22:27","guid":{"rendered":"https:\/\/unitrade-gmbh.de\/?page_id=157"},"modified":"2023-10-24T13:00:55","modified_gmt":"2023-10-24T13:00:55","slug":"unternehmensberatung","status":"publish","type":"page","link":"https:\/\/unitrade-gmbh.de\/en\/unternehmensberatung\/","title":{"rendered":"Consulting"},"content":{"rendered":"<h3 class=\"wp-block-heading alignfull has-text-align-center\"><strong>Excellent management consulting for sustainable success<\/strong><\/h3>\n\n\n\n<div class=\"wp-block-group alignfull mb-0 mt-0 is-vertical is-content-justification-center is-layout-flex wp-container-core-group-is-layout-cee92047 wp-block-group-is-layout-flex\" style=\"padding-right:var(--wp--preset--spacing--30);padding-left:var(--wp--preset--spacing--30)\">\n<p>We understand that companies face unique challenges in an ever-changing business world. That's exactly why we're here to provide you with innovative solutions and proven strategies that will take your business to the next level.<\/p>\n\n\n\n<p>Our customized consulting services are designed to put your business first. Our team of industry experts and consultants with decades of experience are ready to realize your vision and work with you to achieve growth and success.<\/p>\n\n\n\n<p>Whether it's strategic planning, process optimization, digitization or other business challenges, we're here to point you in the right direction. Discover how Unitrade can transform your business.<\/p>\n<\/div>\n\n\n\n<h4 class=\"wp-block-heading has-text-align-center\">Our core industries<\/h4>\n\n\n\n<div class=\"wp-block-group alignfull\"><div class=\"wp-block-group__inner-container is-layout-constrained wp-block-group-is-layout-constrained\">\n<div class=\"wp-block-group alignfull\"><div class=\"wp-block-group__inner-container is-layout-constrained wp-block-group-is-layout-constrained\">\n<div class=\"wp-block-group alignfull\"><div class=\"wp-block-group__inner-container is-layout-constrained wp-block-group-is-layout-constrained\">\n<div class=\"wp-block-media-text alignfull has-media-on-the-right is-stacked-on-mobile\"><div class=\"wp-block-media-text__content\">\n<p><strong>Energy<\/strong><br>Efficiency and sustainability play a crucial role in the energy industry. We help energy companies achieve their goals by providing tailored consulting services to optimize energy consumption and costs. At the same time, we promote the integration of sustainable energies and environmentally friendly practices. Our goal is to help companies in the energy industry become greener, meet regulatory requirements, and succeed in a changing industry.<\/p>\n\n\n\n<p>  <\/p>\n\n\n\n<p><\/p>\n<\/div><figure class=\"wp-block-media-text__media\"><img loading=\"lazy\" decoding=\"async\" width=\"1024\" height=\"575\" src=\"https:\/\/unitrade-gmbh.de\/wp-content\/uploads\/2023\/10\/pexels-kelly-2800832-1024x575.jpg\" alt=\"\" class=\"wp-image-160 size-full\" srcset=\"https:\/\/unitrade-gmbh.de\/wp-content\/uploads\/2023\/10\/pexels-kelly-2800832-1024x575.jpg 1024w, https:\/\/unitrade-gmbh.de\/wp-content\/uploads\/2023\/10\/pexels-kelly-2800832-300x168.jpg 300w, https:\/\/unitrade-gmbh.de\/wp-content\/uploads\/2023\/10\/pexels-kelly-2800832-768x431.jpg 768w, https:\/\/unitrade-gmbh.de\/wp-content\/uploads\/2023\/10\/pexels-kelly-2800832-1536x863.jpg 1536w, https:\/\/unitrade-gmbh.de\/wp-content\/uploads\/2023\/10\/pexels-kelly-2800832-2048x1150.jpg 2048w\" sizes=\"auto, (max-width: 1024px) 100vw, 1024px\" \/><\/figure><\/div>\n<\/div><\/div>\n<\/div><\/div>\n<\/div><\/div>\n\n\n\n<div class=\"wp-block-group alignfull\"><div class=\"wp-block-group__inner-container is-layout-constrained wp-block-group-is-layout-constrained\">\n<div class=\"wp-block-media-text alignfull is-stacked-on-mobile\"><figure class=\"wp-block-media-text__media\"><img loading=\"lazy\" decoding=\"async\" width=\"1024\" height=\"534\" src=\"https:\/\/unitrade-gmbh.de\/wp-content\/uploads\/2023\/10\/pexels-rafael-classen-rcphotostockcom-10670941-1024x534.jpg\" alt=\"\" class=\"wp-image-165 size-full\" srcset=\"https:\/\/unitrade-gmbh.de\/wp-content\/uploads\/2023\/10\/pexels-rafael-classen-rcphotostockcom-10670941-1024x534.jpg 1024w, https:\/\/unitrade-gmbh.de\/wp-content\/uploads\/2023\/10\/pexels-rafael-classen-rcphotostockcom-10670941-300x157.jpg 300w, https:\/\/unitrade-gmbh.de\/wp-content\/uploads\/2023\/10\/pexels-rafael-classen-rcphotostockcom-10670941-768x401.jpg 768w, https:\/\/unitrade-gmbh.de\/wp-content\/uploads\/2023\/10\/pexels-rafael-classen-rcphotostockcom-10670941-1536x801.jpg 1536w, https:\/\/unitrade-gmbh.de\/wp-content\/uploads\/2023\/10\/pexels-rafael-classen-rcphotostockcom-10670941-2048x1069.jpg 2048w\" sizes=\"auto, (max-width: 1024px) 100vw, 1024px\" \/><\/figure><div class=\"wp-block-media-text__content\">\n<p><strong>Sustainability<\/strong><\/p>\n\n\n\n<p>We are pioneers in the sustainability industry, helping companies shift to clean and sustainable practices. Our tailored strategies aim to reduce dependence on fossil fuels while increasing profitability. From the design and implementation of sustainable energy projects to ongoing maintenance, we provide comprehensive consulting services. Our commitment is to promote sustainable energy solutions and create a more sustainable future.<\/p>\n<\/div><\/div>\n<\/div><\/div>\n\n\n\n<div class=\"wp-block-group alignfull\"><div class=\"wp-block-group__inner-container is-layout-constrained wp-block-group-is-layout-constrained\">\n<div class=\"wp-block-group alignfull\"><div class=\"wp-block-group__inner-container is-layout-constrained wp-block-group-is-layout-constrained\">\n<div class=\"wp-block-group alignfull\"><div class=\"wp-block-group__inner-container is-layout-constrained wp-block-group-is-layout-constrained\">\n<div class=\"wp-block-media-text alignfull has-media-on-the-right is-stacked-on-mobile\"><div class=\"wp-block-media-text__content\">\n<p><strong>Chemicals<\/strong><\/p>\n\n\n\n<p>The chemical industry demands precision, quality and compliance. Our consulting services support chemical companies in everything from optimizing production processes to complying with strict regulatory requirements. Our expertise also drives innovation in the industry by helping companies develop new products and technologies. Sustainability is another focus of our consulting services, and we help chemical companies implement environmentally friendly materials and practices.<\/p>\n<\/div><figure class=\"wp-block-media-text__media\"><img loading=\"lazy\" decoding=\"async\" width=\"1024\" height=\"683\" src=\"https:\/\/unitrade-gmbh.de\/wp-content\/uploads\/2023\/10\/pexels-rodolfo-clix-1366942-1024x683.jpg\" alt=\"\" class=\"wp-image-166 size-full\" srcset=\"https:\/\/unitrade-gmbh.de\/wp-content\/uploads\/2023\/10\/pexels-rodolfo-clix-1366942-1024x683.jpg 1024w, https:\/\/unitrade-gmbh.de\/wp-content\/uploads\/2023\/10\/pexels-rodolfo-clix-1366942-300x200.jpg 300w, https:\/\/unitrade-gmbh.de\/wp-content\/uploads\/2023\/10\/pexels-rodolfo-clix-1366942-768x512.jpg 768w, https:\/\/unitrade-gmbh.de\/wp-content\/uploads\/2023\/10\/pexels-rodolfo-clix-1366942-1536x1024.jpg 1536w, https:\/\/unitrade-gmbh.de\/wp-content\/uploads\/2023\/10\/pexels-rodolfo-clix-1366942-2048x1365.jpg 2048w\" sizes=\"auto, (max-width: 1024px) 100vw, 1024px\" \/><\/figure><\/div>\n<\/div><\/div>\n<\/div><\/div>\n<\/div><\/div>\n\n\n\n<div class=\"wp-block-group alignfull\"><div class=\"wp-block-group__inner-container is-layout-constrained wp-block-group-is-layout-constrained\">\n<div class=\"wp-block-group alignfull\"><div class=\"wp-block-group__inner-container is-layout-constrained wp-block-group-is-layout-constrained\">\n<div class=\"wp-block-media-text alignfull is-stacked-on-mobile\"><figure class=\"wp-block-media-text__media\"><img loading=\"lazy\" decoding=\"async\" width=\"1024\" height=\"576\" src=\"https:\/\/unitrade-gmbh.de\/wp-content\/uploads\/2023\/10\/pexels-phiraphon-srithakae-11705165-1024x576.jpg\" alt=\"\" class=\"wp-image-161 size-full\" srcset=\"https:\/\/unitrade-gmbh.de\/wp-content\/uploads\/2023\/10\/pexels-phiraphon-srithakae-11705165-1024x576.jpg 1024w, https:\/\/unitrade-gmbh.de\/wp-content\/uploads\/2023\/10\/pexels-phiraphon-srithakae-11705165-300x169.jpg 300w, https:\/\/unitrade-gmbh.de\/wp-content\/uploads\/2023\/10\/pexels-phiraphon-srithakae-11705165-768x432.jpg 768w, https:\/\/unitrade-gmbh.de\/wp-content\/uploads\/2023\/10\/pexels-phiraphon-srithakae-11705165-1536x864.jpg 1536w, https:\/\/unitrade-gmbh.de\/wp-content\/uploads\/2023\/10\/pexels-phiraphon-srithakae-11705165-2048x1152.jpg 2048w\" sizes=\"auto, (max-width: 1024px) 100vw, 1024px\" \/><\/figure><div class=\"wp-block-media-text__content\">\n<p><strong>Retail and wholesale<\/strong><\/p>\n\n\n\n<p>In retail and wholesale, customer focus and flexibility are critical. We understand the unique challenges that retail brings and offer tailored solutions to take your business to the next level. We help you adapt your business model to meet ever-changing customer demands and gain competitive advantage. From optimizing your inventory to creating seamless omni-channel shopping experiences, we help you successfully transform your business.<\/p>\n<\/div><\/div>\n<\/div><\/div>\n\n\n\n<div class=\"wp-block-media-text alignfull has-media-on-the-right is-stacked-on-mobile\"><div class=\"wp-block-media-text__content\">\n<p><strong>Packaging<\/strong><\/p>\n\n\n\n<div class=\"wp-block-group\"><div class=\"wp-block-group__inner-container is-layout-constrained wp-block-group-is-layout-constrained\">\n<div class=\"wp-block-group\"><div class=\"wp-block-group__inner-container is-layout-constrained wp-block-group-is-layout-constrained\">\n<p>In the packaging industry, efficiency, sustainability and innovative strength are of crucial importance. Our consulting services aim to promote these aspects. We offer tailored strategies to increase production efficiency while promoting sustainability. Our expertise extends to the development of innovative packaging solutions that meet the needs of modern markets and consumers. We also assist in increasing the use of environmentally friendly materials and practices. In a highly competitive industry, we help packaging companies successfully differentiate themselves.<br><br><\/p>\n<\/div><\/div>\n\n\n\n<p>    <\/p>\n<\/div><\/div>\n<\/div><figure class=\"wp-block-media-text__media\"><img loading=\"lazy\" decoding=\"async\" width=\"500\" height=\"334\" src=\"https:\/\/unitrade-gmbh.de\/wp-content\/uploads\/2023\/09\/Flutliner_500.jpg\" alt=\"\" class=\"wp-image-51 size-full\" srcset=\"https:\/\/unitrade-gmbh.de\/wp-content\/uploads\/2023\/09\/Flutliner_500.jpg 500w, https:\/\/unitrade-gmbh.de\/wp-content\/uploads\/2023\/09\/Flutliner_500-300x200.jpg 300w, https:\/\/unitrade-gmbh.de\/wp-content\/uploads\/2023\/09\/Flutliner_500-90x60.jpg 90w\" sizes=\"auto, (max-width: 500px) 100vw, 500px\" \/><\/figure><\/div>\n<\/div><\/div>","protected":false},"excerpt":{"rendered":"<p>Exzellente Unternehmensberatung f\u00fcr nachhaltigen Erfolg Wir verstehen, dass Unternehmen in einer sich st\u00e4ndig ver\u00e4ndernden Gesch\u00e4ftswelt vor einzigartigen Herausforderungen stehen. Genau deshalb sind wir hier, um Ihnen innovative L\u00f6sungen und bew\u00e4hrte Strategien zu bieten, die Ihr Unternehmen auf das n\u00e4chste Level heben. Unsere ma\u00dfgeschneiderten Beratungsdienste sind darauf ausgerichtet, Ihr Unternehmen in den Mittelpunkt zu stellen. Unser [&hellip;]<\/p>\n","protected":false},"author":1,"featured_media":0,"parent":0,"menu_order":0,"comment_status":"closed","ping_status":"closed","template":"","meta":{"_editorskit_title_hidden":false,"_editorskit_reading_time":0,"_editorskit_is_block_options_detached":false,"_editorskit_block_options_position":"{}","_coblocks_attr":"","_coblocks_dimensions":"","_coblocks_responsive_height":"","_coblocks_accordion_ie_support":"","_uag_custom_page_level_css":"","hide_page_title":"","footnotes":""},"class_list":["post-157","page","type-page","status-publish","hentry"],"uagb_featured_image_src":{"full":false,"thumbnail":false,"medium":false,"medium_large":false,"large":false,"post-slider-thumb-size":false,"1536x1536":false,"2048x2048":false,"trp-custom-language-flag":false},"uagb_author_info":{"display_name":"mario","author_link":"https:\/\/unitrade-gmbh.de\/en\/author\/mario\/"},"uagb_comment_info":0,"uagb_excerpt":"Exzellente Unternehmensberatung f\u00fcr nachhaltigen Erfolg Wir verstehen, dass Unternehmen in einer sich st\u00e4ndig ver\u00e4ndernden Gesch\u00e4ftswelt vor einzigartigen Herausforderungen stehen. Genau deshalb sind wir hier, um Ihnen innovative L\u00f6sungen und bew\u00e4hrte Strategien zu bieten, die Ihr Unternehmen auf das n\u00e4chste Level heben. Unsere ma\u00dfgeschneiderten Beratungsdienste sind darauf ausgerichtet, Ihr Unternehmen in den Mittelpunkt zu stellen. Unser&hellip;","_links":{"self":[{"href":"https:\/\/unitrade-gmbh.de\/en\/wp-json\/wp\/v2\/pages\/157","targetHints":{"allow":["GET"]}}],"collection":[{"href":"https:\/\/unitrade-gmbh.de\/en\/wp-json\/wp\/v2\/pages"}],"about":[{"href":"https:\/\/unitrade-gmbh.de\/en\/wp-json\/wp\/v2\/types\/page"}],"author":[{"embeddable":true,"href":"https:\/\/unitrade-gmbh.de\/en\/wp-json\/wp\/v2\/users\/1"}],"replies":[{"embeddable":true,"href":"https:\/\/unitrade-gmbh.de\/en\/wp-json\/wp\/v2\/comments?post=157"}],"version-history":[{"count":28,"href":"https:\/\/unitrade-gmbh.de\/en\/wp-json\/wp\/v2\/pages\/157\/revisions"}],"predecessor-version":[{"id":252,"href":"https:\/\/unitrade-gmbh.de\/en\/wp-json\/wp\/v2\/pages\/157\/revisions\/252"}],"wp:attachment":[{"href":"https:\/\/unitrade-gmbh.de\/en\/wp-json\/wp\/v2\/media?parent=157"}],"curies":[{"name":"wp","href":"https:\/\/api.w.org\/{rel}","templated":true}]}}